{"id":148,"date":"2023-01-04T14:09:35","date_gmt":"2023-01-04T17:09:35","guid":{"rendered":"https:\/\/abrig.org.br\/loja\/?page_id=148"},"modified":"2023-03-01T11:12:48","modified_gmt":"2023-03-01T14:12:48","slug":"produtos","status":"publish","type":"page","link":"https:\/\/abrig.org.br\/loja\/","title":{"rendered":"Produtos"},"content":{"rendered":"\n<h2 class=\"has-text-align-center wp-block-heading\">Certifica\u00e7\u00e3o Pessoa F\u00edsica<\/h2>\n\n\n<div data-block-name=\"woocommerce\/all-products\" data-columns=\"3\" data-rows=\"3\" data-align-buttons=\"false\" data-content-visibility=\"{&quot;orderBy&quot;:true}\" data-orderby=\"menu_order\" data-layout-config=\"[[&quot;woocommerce\\\/product-image&quot;,{&quot;imageSizing&quot;:&quot;cropped&quot;}],[&quot;woocommerce\\\/product-title&quot;],[&quot;woocommerce\\\/product-price&quot;],[&quot;woocommerce\\\/product-rating&quot;],[&quot;woocommerce\\\/product-button&quot;]]\" class=\"wp-block-woocommerce-all-products wc-block-all-products\" data-attributes=\"{&quot;alignButtons&quot;:false,&quot;columns&quot;:3,&quot;contentVisibility&quot;:{&quot;orderBy&quot;:true},&quot;isPreview&quot;:false,&quot;layoutConfig&quot;:[[&quot;woocommerce\/product-image&quot;,{&quot;imageSizing&quot;:&quot;cropped&quot;}],[&quot;woocommerce\/product-title&quot;],[&quot;woocommerce\/product-price&quot;],[&quot;woocommerce\/product-rating&quot;],[&quot;woocommerce\/product-button&quot;]],&quot;orderby&quot;:&quot;menu_order&quot;,&quot;rows&quot;:3}\"><\/div>\n\n\n<h2 class=\"has-text-align-center wp-block-heading\">Certifica\u00e7\u00e3o Pessoa Jur\u00eddica<\/h2>\n\n\n<div class=\"wp-block-image is-style-default\">\n<figure class=\"aligncenter size-large is-resized\"><a href=\"https:\/\/forms.gle\/wkP2UoosmT4PA2BG9\" target=\"_blank\" rel=\"noreferrer noopener\"><img loading=\"lazy\" decoding=\"async\" src=\"https:\/\/abrig.org.br\/loja\/wp-content\/uploads\/2022\/12\/WhatsApp-Image-2022-12-12-at-14.55.15-1024x341.jpeg\" alt=\"\" class=\"wp-image-118\" width=\"1024\" height=\"341\" srcset=\"https:\/\/abrig.org.br\/loja\/wp-content\/uploads\/2022\/12\/WhatsApp-Image-2022-12-12-at-14.55.15-1024x341.jpeg 1024w, https:\/\/abrig.org.br\/loja\/wp-content\/uploads\/2022\/12\/WhatsApp-Image-2022-12-12-at-14.55.15-300x100.jpeg 300w, https:\/\/abrig.org.br\/loja\/wp-content\/uploads\/2022\/12\/WhatsApp-Image-2022-12-12-at-14.55.15-768x256.jpeg 768w, https:\/\/abrig.org.br\/loja\/wp-content\/uploads\/2022\/12\/WhatsApp-Image-2022-12-12-at-14.55.15-416x138.jpeg 416w, https:\/\/abrig.org.br\/loja\/wp-content\/uploads\/2022\/12\/WhatsApp-Image-2022-12-12-at-14.55.15.jpeg 1280w\" sizes=\"auto, (max-width: 1024px) 100vw, 1024px\" \/><\/a><\/figure>\n<\/div>","protected":false},"excerpt":{"rendered":"<p>Certifica\u00e7\u00e3o Pessoa F\u00edsica Certifica\u00e7\u00e3o Pessoa Jur\u00eddica<\/p>\n","protected":false},"author":1,"featured_media":0,"parent":0,"menu_order":0,"comment_status":"closed","ping_status":"closed","template":"","meta":{"footnotes":""},"class_list":["post-148","page","type-page","status-publish","hentry"],"_links":{"self":[{"href":"https:\/\/abrig.org.br\/loja\/wp-json\/wp\/v2\/pages\/148","targetHints":{"allow":["GET"]}}],"collection":[{"href":"https:\/\/abrig.org.br\/loja\/wp-json\/wp\/v2\/pages"}],"about":[{"href":"https:\/\/abrig.org.br\/loja\/wp-json\/wp\/v2\/types\/page"}],"author":[{"embeddable":true,"href":"https:\/\/abrig.org.br\/loja\/wp-json\/wp\/v2\/users\/1"}],"replies":[{"embeddable":true,"href":"https:\/\/abrig.org.br\/loja\/wp-json\/wp\/v2\/comments?post=148"}],"version-history":[{"count":5,"href":"https:\/\/abrig.org.br\/loja\/wp-json\/wp\/v2\/pages\/148\/revisions"}],"predecessor-version":[{"id":203,"href":"https:\/\/abrig.org.br\/loja\/wp-json\/wp\/v2\/pages\/148\/revisions\/203"}],"wp:attachment":[{"href":"https:\/\/abrig.org.br\/loja\/wp-json\/wp\/v2\/media?parent=148"}],"curies":[{"name":"wp","href":"https:\/\/api.w.org\/{rel}","templated":true}]}}