{"id":33,"date":"2022-11-10T08:00:55","date_gmt":"2022-11-10T11:00:55","guid":{"rendered":"https:\/\/abrig.org.br\/loja\/?page_id=33"},"modified":"2022-11-10T08:00:55","modified_gmt":"2022-11-10T11:00:55","slug":"politica-de-privacidade-2","status":"publish","type":"page","link":"https:\/\/abrig.org.br\/loja\/politica-de-privacidade-2\/","title":{"rendered":"Pol\u00edtica de privacidade"},"content":{"rendered":"\n<p>A ABRIG coleta informa\u00e7\u00f5es pessoais sobre seus membros e associados. Com algumas<br>exce\u00e7\u00f5es, essas informa\u00e7\u00f5es limitam-se aos tipos de informa\u00e7\u00f5es que podem ser<br>encontradas em um cart\u00e3o de visita: nome, sobrenome, cargo, nome do empregador,<br>endere\u00e7o do trabalho, e-mail do trabalho e n\u00famero de telefone do trabalho. Utilizamos<br>estas informa\u00e7\u00f5es para fornecer aos membros e associados nossos servi\u00e7os para<br>qualifica\u00e7\u00e3o t\u00e9cnica e promo\u00e7\u00e3o da legitima\u00e7\u00e3o do profissional de RIG, dentre outros<br>servi\u00e7os prestados. N\u00e3o vendemos informa\u00e7\u00f5es pessoais para ningu\u00e9m e somente as<br>compartilhamos com terceiros que estejam viabilizando a presta\u00e7\u00e3o dos nossos servi\u00e7os,<br>no que tange cobran\u00e7as, pagamentos, suporte tecnol\u00f3gico e demais servi\u00e7os<br>terceirizados de infraestrutura e log\u00edstica.<\/p>\n\n\n\n<h2 class=\"wp-block-heading\">Cookies e IP<\/h2>\n\n\n\n<p>Como acontece com a maioria dos outros websites, o website do ABRIG coleta certas<br>informa\u00e7\u00f5es automaticamente e as armazena em arquivos de log. As informa\u00e7\u00f5es<br>podem incluir endere\u00e7os de protocolo de Internet (IP), a regi\u00e3o ou local geral onde seu<br>computador ou dispositivo est\u00e1 acessando a Internet, tipo de navegador, sistema<br>operacional e outras informa\u00e7\u00f5es de uso sobre o uso do website da ABRIG, incluindo um<br>hist\u00f3rico das p\u00e1ginas que voc\u00ea visualiza. Usamos estas informa\u00e7\u00f5es para nos ajudar a<br>projetar nosso site para melhor atender \u00e0s necessidades de nossos usu\u00e1rios. Tamb\u00e9m<br>podemos usar seu endere\u00e7o IP para ajudar a diagnosticar problemas com nosso servidor<br>e para administrar nosso site, analisar tend\u00eancias, rastrear movimentos de visitantes e<br>reunir informa\u00e7\u00f5es demogr\u00e1ficas amplas que nos ajudam a identificar as prefer\u00eancias<br>dos visitantes.<\/p>\n\n\n\n<p><br>Quando voc\u00ea utiliza nossos servi\u00e7os, voc\u00ea est\u00e1 nos confiando suas informa\u00e7\u00f5es.<br>Entendemos que esta \u00e9 uma grande responsabilidade e trabalhamos duro para proteger<br>suas informa\u00e7\u00f5es e coloc\u00e1-las sob controle.<\/p>\n\n\n\n<h2 class=\"wp-block-heading\">Transfer\u00eancias de dados<\/h2>\n\n\n\n<p>Nosso prestador de servi\u00e7os de hospedagem de site mant\u00e9m servidores ao redor do<br>mundo e suas informa\u00e7\u00f5es podem ser processadas em servidores localizados fora do<br>Brasil. As leis de prote\u00e7\u00e3o de dados variam entre os pa\u00edses, com alguns fornecendo mais<br>prote\u00e7\u00e3o do que outros. Independentemente de onde suas informa\u00e7\u00f5es s\u00e3o<br>processadas, aplicamos as mesmas prote\u00e7\u00f5es descritas nesta pol\u00edtica. Tamb\u00e9m<br>cumprimos certas estruturas legais relacionadas \u00e0 transfer\u00eancia de dados.<br>Quando recebemos reclama\u00e7\u00f5es formais por escrito, respondemos entrando em contato<br>com a pessoa que fez a reclama\u00e7\u00e3o. Trabalhamos com as autoridades reguladoras<br>apropriadas, incluindo as autoridades locais de prote\u00e7\u00e3o de dados (ANPD), para resolver<br>quaisquer reclama\u00e7\u00f5es relativas \u00e0 transfer\u00eancia de seus dados que n\u00e3o possamos<br>resolver diretamente com voc\u00ea.<\/p>\n\n\n\n<h2 class=\"wp-block-heading\">Exig\u00eancias da LGPD e Direitos do Titular dos Dados<\/h2>\n\n\n\n<p>A lei brasileira de prote\u00e7\u00e3o de dados (LGPD) se aplica ao processamento de suas<br>informa\u00e7\u00f5es, fornecemos os controles descritos nesta pol\u00edtica para que voc\u00ea possa<br>exercer seu direito de acesso:<\/p>\n\n\n\n<ul class=\"wp-block-list\">\n<li>Obter confirma\u00e7\u00e3o sobre o processamento de suas informa\u00e7\u00f5es<\/li>\n\n\n\n<li>Solicitar acesso a atualizar, revisar, anonimizar e remover suas informa\u00e7\u00f5es<\/li>\n\n\n\n<li>Objetar ou restringir o processamento de suas informa\u00e7\u00f5es<\/li>\n\n\n\n<li>Exportar suas informa\u00e7\u00f5es para outro servi\u00e7o (Portabilidade).<br><\/li>\n<\/ul>\n\n\n\n<h2 class=\"wp-block-heading\">Seguran\u00e7a de Dados<\/h2>\n\n\n\n<p>Para ajudar a proteger a privacidade dos dados e informa\u00e7\u00f5es pessoalmente<br>identific\u00e1veis que voc\u00ea transmite atrav\u00e9s do uso deste Site, mantemos salvaguardas<br>f\u00edsicas, t\u00e9cnicas e administrativas. Atualizamos e testamos nossa tecnologia de<br>seguran\u00e7a de forma cont\u00ednua. Restringimos o acesso aos seus dados pessoais aos<br>funcion\u00e1rios que precisam saber essas informa\u00e7\u00f5es para fornecer benef\u00edcios ou servi\u00e7os<br>a voc\u00ea. Al\u00e9m disso, treinamos nossos funcion\u00e1rios sobre a import\u00e2ncia da<br>confidencialidade e da manuten\u00e7\u00e3o da privacidade e seguran\u00e7a de suas informa\u00e7\u00f5es.<br>Comprometemo-nos a tomar as medidas disciplinares adequadas para fazer valer as<br>responsabilidades de privacidade de nossos funcion\u00e1rios.<\/p>\n\n\n\n<h2 class=\"wp-block-heading\">Encarregado de Dados (DPO)<\/h2>\n\n\n\n<p>A ABRIG possui um Encarregado de Dados, que atua como respons\u00e1vel t\u00e9cnico para<br>atuar como canal de comunica\u00e7\u00e3o entre o controlador de dados (ABRIG), os titulares dos<br>dados (membro, associados e visitantes do nosso site) e a Autoridade Nacional de<br>Prote\u00e7\u00e3o de Dados (ANPD). Este profissional possui as qualifica\u00e7\u00f5es t\u00e9cnicas exigidas<br>para desempenhar as fun\u00e7\u00f5es elencadas no artigo 41 da LGPD, conforme seguem:<br>a) aceitar reclama\u00e7\u00f5es e comunica\u00e7\u00f5es dos titulares de dados, prestar<br>esclarecimentos e adotar provid\u00eancias;<br>b) receber comunica\u00e7\u00f5es da autoridade nacional de prote\u00e7\u00e3o de dados<br>(ANPD) e adotar provid\u00eancias;<br>c) orientar os funcion\u00e1rios e os contratados da entidade a respeito das<br>pr\u00e1ticas a serem tomadas em rela\u00e7\u00e3o \u00e0 prote\u00e7\u00e3o de dados pessoais; e<br>d) executar as demais atribui\u00e7\u00f5es determinadas pelo controlador (ABRIG)<br>ou estabelecidas em normas complementares.<br>As informa\u00e7\u00f5es para contato com o Encarregado de dados da ABRIG s\u00e3o estas:<br>Nome: Rafael Piva Neves<br>End. SHN Quadra 01, Bloco A, Edif\u00edcio Le Quartier, sala 1223 &#8211; Asa Norte, DF, 70701-<br>000<br>Tel. (61) 3327-0731<br>E-mail: dpo@abrig.org.br<\/p>\n\n\n\n<h2 class=\"wp-block-heading\">Cookies Noticie:<\/h2>\n\n\n\n<p>Utilizamos cookies para reconhecer seu navegador ou dispositivo, aprender mais sobre<br>seus interesses, e fornecer-lhe recursos e servi\u00e7os essenciais e para fins adicionais,<br>incluindo cookies de terceiros.<br>Terceiros aprovados estabelecem cookies quando voc\u00ea interage com os sites da ABRIG.<br>Terceiros incluem motores de busca, fornecedores de servi\u00e7os de medi\u00e7\u00e3o e an\u00e1lise,<br>redes de m\u00eddia social e empresas de publicidade.<br>Para maiores informa\u00e7\u00f5es sobre nossa pol\u00edtica de privacidade clique AQUI!<br>ACEITAR? RECUSAR?<\/p>\n","protected":false},"excerpt":{"rendered":"<p>A ABRIG coleta informa\u00e7\u00f5es pessoais sobre seus membros e associados. Com algumasexce\u00e7\u00f5es, essas informa\u00e7\u00f5es limitam-se aos tipos de informa\u00e7\u00f5es que podem serencontradas em um cart\u00e3o de visita: nome, sobrenome, cargo, nome do empregador,endere\u00e7o do trabalho, e-mail do trabalho e n\u00famero de telefone do trabalho. Utilizamosestas informa\u00e7\u00f5es para fornecer aos membros e associados nossos servi\u00e7os paraqualifica\u00e7\u00e3o [&hellip;]<\/p>\n","protected":false},"author":1,"featured_media":0,"parent":0,"menu_order":0,"comment_status":"closed","ping_status":"closed","template":"","meta":{"footnotes":""},"class_list":["post-33","page","type-page","status-publish","hentry"],"_links":{"self":[{"href":"https:\/\/abrig.org.br\/loja\/wp-json\/wp\/v2\/pages\/33","targetHints":{"allow":["GET"]}}],"collection":[{"href":"https:\/\/abrig.org.br\/loja\/wp-json\/wp\/v2\/pages"}],"about":[{"href":"https:\/\/abrig.org.br\/loja\/wp-json\/wp\/v2\/types\/page"}],"author":[{"embeddable":true,"href":"https:\/\/abrig.org.br\/loja\/wp-json\/wp\/v2\/users\/1"}],"replies":[{"embeddable":true,"href":"https:\/\/abrig.org.br\/loja\/wp-json\/wp\/v2\/comments?post=33"}],"version-history":[{"count":1,"href":"https:\/\/abrig.org.br\/loja\/wp-json\/wp\/v2\/pages\/33\/revisions"}],"predecessor-version":[{"id":35,"href":"https:\/\/abrig.org.br\/loja\/wp-json\/wp\/v2\/pages\/33\/revisions\/35"}],"wp:attachment":[{"href":"https:\/\/abrig.org.br\/loja\/wp-json\/wp\/v2\/media?parent=33"}],"curies":[{"name":"wp","href":"https:\/\/api.w.org\/{rel}","templated":true}]}}